{"id":9,"date":"2016-06-29T11:49:20","date_gmt":"2016-06-29T09:49:20","guid":{"rendered":"http:\/\/muzeumgryf.pl\/?page_id=9"},"modified":"2024-07-03T11:05:08","modified_gmt":"2024-07-03T09:05:08","slug":"contact","status":"publish","type":"page","link":"https:\/\/muzeumgryf.pl\/en\/contact\/","title":{"rendered":"Contact"},"content":{"rendered":"<h1>Contact<\/h1>\n<h1 style=\"text-align: center;\"><strong>Museum of Military Technic GRYF<\/strong><\/h1>\n<p style=\"text-align: center;\"><strong>phone 667 910 060<\/strong><\/p>\n<address style=\"text-align: center;\">ul. Pp\u0142k. Ryszarda Lubowiedzkiego 2, 84-242 D\u0105br\u00f3wka<\/address>\n<address style=\"text-align: center;\">\u00a0<\/address>\n<p style=\"text-align: center;\">Coordinates for navigation:<\/p>\n<p style=\"text-align: center;\">54 \u00b0 33&#8217;07.7 &#8222;N 18 \u00b0 10&#8217;19.7&#8221; E 54 \u00b0 or 18 \u00b0 33.129&#8217;N 10.334&#8217;E<\/p>\n<p style=\"text-align: center;\">or UTM: 34U03171246048634<\/p>\n<p style=\"text-align: center;\">tel. 667 910 060<\/p>\n<p style=\"text-align: center;\">mail: kontakt@muzeumgryf.pl<\/p>\n<p>&nbsp;<\/p>\n<p style=\"text-align: center;\">\n\n<div class=\"wpcf7 no-js\" id=\"wpcf7-f53-o1\" lang=\"pl-PL\" dir=\"ltr\">\n<div class=\"screen-reader-response\"><p role=\"status\" aria-live=\"polite\" aria-atomic=\"true\"><\/p> <ul><\/ul><\/div>\n<form action=\"\/en\/wp-json\/wp\/v2\/pages\/9#wpcf7-f53-o1\" method=\"post\" class=\"wpcf7-form init\" aria-label=\"Formularz kontaktowy\" novalidate=\"novalidate\" data-status=\"init\">\n<div style=\"display: none;\">\n<input type=\"hidden\" name=\"_wpcf7\" value=\"53\" \/>\n<input type=\"hidden\" name=\"_wpcf7_version\" value=\"5.9.6\" \/>\n<input type=\"hidden\" name=\"_wpcf7_locale\" value=\"pl_PL\" \/>\n<input type=\"hidden\" name=\"_wpcf7_unit_tag\" value=\"wpcf7-f53-o1\" \/>\n<input type=\"hidden\" name=\"_wpcf7_container_post\" value=\"0\" \/>\n<input type=\"hidden\" name=\"_wpcf7_posted_data_hash\" value=\"\" \/>\n<\/div>\n<div class=\"formText\">\n\t<p>Your name *<br \/>\n<span class=\"wpcf7-form-control-wrap\" data-name=\"your-name\"><input size=\"40\" maxlength=\"80\" class=\"wpcf7-form-control wpcf7-text wpcf7-validates-as-required\" aria-required=\"true\" aria-invalid=\"false\" value=\"\" type=\"text\" name=\"your-name\" \/><\/span>\n\t<\/p>\n<\/div>\n<div class=\"formText\">\n\t<p>Your e-mail *<br \/>\n<span class=\"wpcf7-form-control-wrap\" data-name=\"your-email\"><input size=\"40\" maxlength=\"80\" class=\"wpcf7-form-control wpcf7-email wpcf7-validates-as-required wpcf7-text wpcf7-validates-as-email\" aria-required=\"true\" aria-invalid=\"false\" value=\"\" type=\"email\" name=\"your-email\" \/><\/span>\n\t<\/p>\n<\/div>\n<div class=\"formTextarea\">\n\t<p>Your message<br \/>\n<span class=\"wpcf7-form-control-wrap\" data-name=\"your-message\"><textarea cols=\"40\" rows=\"10\" maxlength=\"400\" class=\"wpcf7-form-control wpcf7-textarea\" aria-invalid=\"false\" name=\"your-message\"><\/textarea><\/span>\n\t<\/p>\n<\/div>\n<p><input type=\"hidden\" name=\"contact_form_7_recaptcha\" value=\"g-recaptcha-Xyh7xypFmV3qWZB\" class=\"g-recaptcha-explicit-id\"><div id=\"g-recaptcha-Xyh7xypFmV3qWZB\"><\/div><span class=\"wpcf7-form-control-wrap g-recaptcha-explicit\" data-sitekey=\"6LdvshwUAAAAAPpNHj4aIt7sZncr0kpqScYGVgyA\"><\/span>\n<\/p>\n<p><input class=\"wpcf7-form-control wpcf7-submit has-spinner\" type=\"submit\" value=\"Send\" \/>\n<\/p><div class=\"wpcf7-response-output\" aria-hidden=\"true\"><\/div>\n<\/form>\n<\/div>\n\n","protected":false},"excerpt":{"rendered":"<p>Contact Museum of Military Technic GRYF phone 667 910 060 ul. Pp\u0142k. Ryszarda Lubowiedzkiego 2, 84-242 D\u0105br\u00f3wka \u00a0 Coordinates for navigation: 54 \u00b0 33&#8217;07.7 &#8222;N 18 \u00b0 10&#8217;19.7&#8221; E 54 \u00b0 or 18 \u00b0 33.129&#8217;N 10.334&#8217;E or UTM: 34U03171246048634 tel. 667 910 060 mail: kontakt@muzeumgryf.pl &nbsp;<\/p>\n","protected":false},"author":1,"featured_media":0,"parent":0,"menu_order":0,"comment_status":"closed","ping_status":"closed","template":"","meta":{"footnotes":""},"aioseo_notices":[],"_links":{"self":[{"href":"https:\/\/muzeumgryf.pl\/en\/wp-json\/wp\/v2\/pages\/9"}],"collection":[{"href":"https:\/\/muzeumgryf.pl\/en\/wp-json\/wp\/v2\/pages"}],"about":[{"href":"https:\/\/muzeumgryf.pl\/en\/wp-json\/wp\/v2\/types\/page"}],"author":[{"embeddable":true,"href":"https:\/\/muzeumgryf.pl\/en\/wp-json\/wp\/v2\/users\/1"}],"replies":[{"embeddable":true,"href":"https:\/\/muzeumgryf.pl\/en\/wp-json\/wp\/v2\/comments?post=9"}],"version-history":[{"count":6,"href":"https:\/\/muzeumgryf.pl\/en\/wp-json\/wp\/v2\/pages\/9\/revisions"}],"predecessor-version":[{"id":1023,"href":"https:\/\/muzeumgryf.pl\/en\/wp-json\/wp\/v2\/pages\/9\/revisions\/1023"}],"wp:attachment":[{"href":"https:\/\/muzeumgryf.pl\/en\/wp-json\/wp\/v2\/media?parent=9"}],"curies":[{"name":"wp","href":"https:\/\/api.w.org\/{rel}","templated":true}]}}